{"id":1186,"date":"2022-08-25T15:49:26","date_gmt":"2022-08-25T15:49:26","guid":{"rendered":"https:\/\/casamontes.com.ar\/bodega\/?page_id=1186"},"modified":"2024-07-26T15:15:58","modified_gmt":"2024-07-26T15:15:58","slug":"vinos-de-familia","status":"publish","type":"page","link":"https:\/\/casamontes.com.ar\/bodega\/vinos-de-familia\/","title":{"rendered":"Vinos de familia"},"content":{"rendered":"\t\t<div data-elementor-type=\"wp-page\" data-elementor-id=\"1186\" class=\"elementor elementor-1186\" data-elementor-post-type=\"page\">\n\t\t\t\t\t\t<section class=\"elementor-section elementor-top-section elementor-element elementor-element-9dd9ae3 elementor-section-boxed elementor-section-height-default elementor-section-height-default\" data-id=\"9dd9ae3\" data-element_type=\"section\" data-e-type=\"section\">\n\t\t\t\t\t\t<div class=\"elementor-container elementor-column-gap-default\">\n\t\t\t\t\t<div class=\"elementor-column elementor-col-100 elementor-top-column elementor-element elementor-element-7919403\" data-id=\"7919403\" data-element_type=\"column\" data-e-type=\"column\">\n\t\t\t<div class=\"elementor-widget-wrap\">\n\t\t\t\t\t\t\t<\/div>\n\t\t<\/div>\n\t\t\t\t\t<\/div>\n\t\t<\/section>\n\t\t\t\t<section class=\"elementor-section elementor-top-section elementor-element elementor-element-148f599 elementor-section-boxed elementor-section-height-default elementor-section-height-default\" data-id=\"148f599\" data-element_type=\"section\" data-e-type=\"section\" data-settings=\"{&quot;background_background&quot;:&quot;classic&quot;}\">\n\t\t\t\t\t\t<div class=\"elementor-container elementor-column-gap-default\">\n\t\t\t\t\t<div class=\"elementor-column elementor-col-100 elementor-top-column elementor-element elementor-element-9767a5e\" data-id=\"9767a5e\" data-element_type=\"column\" data-e-type=\"column\">\n\t\t\t<div class=\"elementor-widget-wrap elementor-element-populated\">\n\t\t\t\t\t\t<div class=\"elementor-element elementor-element-7daea6b5 elementor-widget elementor-widget-image\" data-id=\"7daea6b5\" data-element_type=\"widget\" data-e-type=\"widget\" data-widget_type=\"image.default\">\n\t\t\t\t<div class=\"elementor-widget-container\">\n\t\t\t\t\t\t\t\t\t\t\t\t\t\t\t<img decoding=\"async\" src=\"https:\/\/casamontes.com.ar\/bodega\/wp-content\/uploads\/elementor\/thumbs\/isoblanco-ps5887dmasufilw0vpvd1ui2cv5bl4rkr1a0sdbpb2.png\" title=\"isoblanco\" alt=\"isoblanco\" loading=\"lazy\" \/>\t\t\t\t\t\t\t\t\t\t\t\t\t\t\t<\/div>\n\t\t\t\t<\/div>\n\t\t\t\t<div class=\"elementor-element elementor-element-e5eef5 elementor-widget elementor-widget-heading\" data-id=\"e5eef5\" data-element_type=\"widget\" data-e-type=\"widget\" data-widget_type=\"heading.default\">\n\t\t\t\t<div class=\"elementor-widget-container\">\n\t\t\t\t\t<h1 class=\"elementor-heading-title elementor-size-default\">Vinos de familia<\/h1>\t\t\t\t<\/div>\n\t\t\t\t<\/div>\n\t\t\t\t<div class=\"elementor-element elementor-element-44228dc2 elementor-widget elementor-widget-heading\" data-id=\"44228dc2\" data-element_type=\"widget\" data-e-type=\"widget\" data-widget_type=\"heading.default\">\n\t\t\t\t<div class=\"elementor-widget-container\">\n\t\t\t\t\t<h6 class=\"elementor-heading-title elementor-size-default\">Vinos de guarda \u00fanicos, resultado de la combinaci\u00f3n de uvas de los distintos valles m\u00e1s importantes de la regi\u00f3n. A\u00f1ejados en roble franc\u00e9s y americano, logrando la m\u00e1xima expresi\u00f3n del terroir sanjuanino.<\/h6>\t\t\t\t<\/div>\n\t\t\t\t<\/div>\n\t\t\t\t<div class=\"elementor-element elementor-element-1b37c54a elementor-widget elementor-widget-image\" data-id=\"1b37c54a\" data-element_type=\"widget\" data-e-type=\"widget\" data-widget_type=\"image.default\">\n\t\t\t\t<div class=\"elementor-widget-container\">\n\t\t\t\t\t\t\t\t\t\t\t\t\t\t\t<img decoding=\"async\" width=\"300\" height=\"39\" src=\"https:\/\/casamontes.com.ar\/bodega\/wp-content\/uploads\/2022\/07\/ALZAMORA-300x39.png\" class=\"attachment-medium size-medium wp-image-514\" alt=\"\" srcset=\"https:\/\/casamontes.com.ar\/bodega\/wp-content\/uploads\/2022\/07\/ALZAMORA-300x39.png 300w, https:\/\/casamontes.com.ar\/bodega\/wp-content\/uploads\/2022\/07\/ALZAMORA-1024x132.png 1024w, https:\/\/casamontes.com.ar\/bodega\/wp-content\/uploads\/2022\/07\/ALZAMORA-768x99.png 768w, https:\/\/casamontes.com.ar\/bodega\/wp-content\/uploads\/2022\/07\/ALZAMORA.png 1054w\" sizes=\"(max-width: 300px) 100vw, 300px\" \/>\t\t\t\t\t\t\t\t\t\t\t\t\t\t\t<\/div>\n\t\t\t\t<\/div>\n\t\t\t\t<div class=\"elementor-element elementor-element-597057c elementor-widget elementor-widget-heading\" data-id=\"597057c\" data-element_type=\"widget\" data-e-type=\"widget\" data-widget_type=\"heading.default\">\n\t\t\t\t<div class=\"elementor-widget-container\">\n\t\t\t\t\t<h6 class=\"elementor-heading-title elementor-size-default\">Criado en barricas de roble durante 6 meses<\/h6>\t\t\t\t<\/div>\n\t\t\t\t<\/div>\n\t\t\t\t<section class=\"elementor-section elementor-inner-section elementor-element elementor-element-64604346 elementor-section-boxed elementor-section-height-default elementor-section-height-default\" data-id=\"64604346\" data-element_type=\"section\" data-e-type=\"section\">\n\t\t\t\t\t\t<div class=\"elementor-container elementor-column-gap-default\">\n\t\t\t\t\t<div class=\"elementor-column elementor-col-50 elementor-inner-column elementor-element elementor-element-539a12e1\" data-id=\"539a12e1\" data-element_type=\"column\" data-e-type=\"column\">\n\t\t\t<div class=\"elementor-widget-wrap elementor-element-populated\">\n\t\t\t\t\t\t<div class=\"elementor-element elementor-element-fc021bd elementor-invisible elementor-widget elementor-widget-image\" data-id=\"fc021bd\" data-element_type=\"widget\" data-e-type=\"widget\" data-settings=\"{&quot;_animation&quot;:&quot;fadeInLeft&quot;}\" data-widget_type=\"image.default\">\n\t\t\t\t<div class=\"elementor-widget-container\">\n\t\t\t\t\t\t\t\t\t\t\t\t\t\t\t\t<a href=\"https:\/\/casamontes.com.ar\/bodega\/wp-content\/uploads\/2024\/07\/Fichas-Tecnicas-ALZAMORA-2022.pdf\" target=\"_blank\">\n\t\t\t\t\t\t\t<img fetchpriority=\"high\" decoding=\"async\" width=\"1024\" height=\"383\" src=\"https:\/\/casamontes.com.ar\/bodega\/wp-content\/uploads\/2022\/08\/ALZAMORA-1-1024x383.png\" class=\"attachment-large size-large wp-image-1189\" alt=\"\" srcset=\"https:\/\/casamontes.com.ar\/bodega\/wp-content\/uploads\/2022\/08\/ALZAMORA-1-1024x383.png 1024w, https:\/\/casamontes.com.ar\/bodega\/wp-content\/uploads\/2022\/08\/ALZAMORA-1-300x112.png 300w, https:\/\/casamontes.com.ar\/bodega\/wp-content\/uploads\/2022\/08\/ALZAMORA-1-768x287.png 768w, https:\/\/casamontes.com.ar\/bodega\/wp-content\/uploads\/2022\/08\/ALZAMORA-1-1536x575.png 1536w, https:\/\/casamontes.com.ar\/bodega\/wp-content\/uploads\/2022\/08\/ALZAMORA-1.png 1855w\" sizes=\"(max-width: 1024px) 100vw, 1024px\" \/>\t\t\t\t\t\t\t\t<\/a>\n\t\t\t\t\t\t\t\t\t\t\t\t\t\t\t<\/div>\n\t\t\t\t<\/div>\n\t\t\t\t\t<\/div>\n\t\t<\/div>\n\t\t\t\t<div class=\"elementor-column elementor-col-50 elementor-inner-column elementor-element elementor-element-3e50bd76 elementor-invisible\" data-id=\"3e50bd76\" data-element_type=\"column\" data-e-type=\"column\" data-settings=\"{&quot;animation&quot;:&quot;fadeInRight&quot;}\">\n\t\t\t<div class=\"elementor-widget-wrap elementor-element-populated\">\n\t\t\t\t\t\t<div class=\"elementor-element elementor-element-67228c36 elementor-mobile-align-center elementor-icon-list--layout-traditional elementor-list-item-link-full_width elementor-widget elementor-widget-icon-list\" data-id=\"67228c36\" data-element_type=\"widget\" data-e-type=\"widget\" data-widget_type=\"icon-list.default\">\n\t\t\t\t<div class=\"elementor-widget-container\">\n\t\t\t\t\t\t\t<ul class=\"elementor-icon-list-items\">\n\t\t\t\t\t\t\t<li class=\"elementor-icon-list-item\">\n\t\t\t\t\t\t\t\t\t\t\t<a href=\"https:\/\/casamontes.com.ar\/bodega\/wp-content\/uploads\/2024\/07\/Fichas-Tecnicas-ALZAMORA-2022.pdf\" target=\"_blank\">\n\n\t\t\t\t\t\t\t\t\t\t\t<span class=\"elementor-icon-list-text\">- Malbec<\/span>\n\t\t\t\t\t\t\t\t\t\t\t<\/a>\n\t\t\t\t\t\t\t\t\t<\/li>\n\t\t\t\t\t\t\t\t<li class=\"elementor-icon-list-item\">\n\t\t\t\t\t\t\t\t\t\t\t<a href=\"https:\/\/casamontes.com.ar\/bodega\/wp-content\/uploads\/2024\/07\/Fichas-Tecnicas-ALZAMORA-2022.pdf\" target=\"_blank\">\n\n\t\t\t\t\t\t\t\t\t\t\t<span class=\"elementor-icon-list-text\">- Cabernet Sauvignon<\/span>\n\t\t\t\t\t\t\t\t\t\t\t<\/a>\n\t\t\t\t\t\t\t\t\t<\/li>\n\t\t\t\t\t\t<\/ul>\n\t\t\t\t\t\t<\/div>\n\t\t\t\t<\/div>\n\t\t\t\t\t<\/div>\n\t\t<\/div>\n\t\t\t\t\t<\/div>\n\t\t<\/section>\n\t\t\t\t<div class=\"elementor-element elementor-element-f3ba857 elementor-widget elementor-widget-image\" data-id=\"f3ba857\" data-element_type=\"widget\" data-e-type=\"widget\" data-widget_type=\"image.default\">\n\t\t\t\t<div class=\"elementor-widget-container\">\n\t\t\t\t\t\t\t\t\t\t\t\t\t\t\t<img decoding=\"async\" width=\"300\" height=\"22\" src=\"https:\/\/casamontes.com.ar\/bodega\/wp-content\/uploads\/2022\/08\/vinos-cm-2-e1661368505322-300x22.png\" class=\"attachment-medium size-medium wp-image-1118\" alt=\"\" srcset=\"https:\/\/casamontes.com.ar\/bodega\/wp-content\/uploads\/2022\/08\/vinos-cm-2-e1661368505322-300x22.png 300w, https:\/\/casamontes.com.ar\/bodega\/wp-content\/uploads\/2022\/08\/vinos-cm-2-e1661368505322-768x55.png 768w, https:\/\/casamontes.com.ar\/bodega\/wp-content\/uploads\/2022\/08\/vinos-cm-2-e1661368505322.png 1000w\" sizes=\"(max-width: 300px) 100vw, 300px\" \/>\t\t\t\t\t\t\t\t\t\t\t\t\t\t\t<\/div>\n\t\t\t\t<\/div>\n\t\t\t\t<div class=\"elementor-element elementor-element-497bf6b4 elementor-widget elementor-widget-image\" data-id=\"497bf6b4\" data-element_type=\"widget\" data-e-type=\"widget\" data-widget_type=\"image.default\">\n\t\t\t\t<div class=\"elementor-widget-container\">\n\t\t\t\t\t\t\t\t\t\t\t\t\t\t\t<img loading=\"lazy\" decoding=\"async\" width=\"300\" height=\"57\" src=\"https:\/\/casamontes.com.ar\/bodega\/wp-content\/uploads\/2022\/07\/BALTAZAR-300x57.png\" class=\"attachment-medium size-medium wp-image-513\" alt=\"\" srcset=\"https:\/\/casamontes.com.ar\/bodega\/wp-content\/uploads\/2022\/07\/BALTAZAR-300x57.png 300w, https:\/\/casamontes.com.ar\/bodega\/wp-content\/uploads\/2022\/07\/BALTAZAR-1024x194.png 1024w, https:\/\/casamontes.com.ar\/bodega\/wp-content\/uploads\/2022\/07\/BALTAZAR-768x146.png 768w, https:\/\/casamontes.com.ar\/bodega\/wp-content\/uploads\/2022\/07\/BALTAZAR.png 1127w\" sizes=\"(max-width: 300px) 100vw, 300px\" \/>\t\t\t\t\t\t\t\t\t\t\t\t\t\t\t<\/div>\n\t\t\t\t<\/div>\n\t\t\t\t<div class=\"elementor-element elementor-element-f68778c elementor-widget elementor-widget-heading\" data-id=\"f68778c\" data-element_type=\"widget\" data-e-type=\"widget\" data-widget_type=\"heading.default\">\n\t\t\t\t<div class=\"elementor-widget-container\">\n\t\t\t\t\t<h6 class=\"elementor-heading-title elementor-size-default\">Criado en barricas de roble durante 12 meses<\/h6>\t\t\t\t<\/div>\n\t\t\t\t<\/div>\n\t\t\t\t<section class=\"elementor-section elementor-inner-section elementor-element elementor-element-2de9ad74 elementor-section-boxed elementor-section-height-default elementor-section-height-default\" data-id=\"2de9ad74\" data-element_type=\"section\" data-e-type=\"section\">\n\t\t\t\t\t\t<div class=\"elementor-container elementor-column-gap-default\">\n\t\t\t\t\t<div class=\"elementor-column elementor-col-50 elementor-inner-column elementor-element elementor-element-5d3efd39\" data-id=\"5d3efd39\" data-element_type=\"column\" data-e-type=\"column\">\n\t\t\t<div class=\"elementor-widget-wrap elementor-element-populated\">\n\t\t\t\t\t\t<div class=\"elementor-element elementor-element-4283d1a6 elementor-invisible elementor-widget elementor-widget-image\" data-id=\"4283d1a6\" data-element_type=\"widget\" data-e-type=\"widget\" data-settings=\"{&quot;_animation&quot;:&quot;fadeInLeft&quot;}\" data-widget_type=\"image.default\">\n\t\t\t\t<div class=\"elementor-widget-container\">\n\t\t\t\t\t\t\t\t\t\t\t\t\t\t\t\t<a href=\"https:\/\/casamontes.com.ar\/bodega\/wp-content\/uploads\/2024\/06\/BALTAZAR.pdf\" target=\"_blank\">\n\t\t\t\t\t\t\t<img loading=\"lazy\" decoding=\"async\" width=\"1024\" height=\"312\" src=\"https:\/\/casamontes.com.ar\/bodega\/wp-content\/uploads\/2022\/08\/BALTAZAR-2-1024x312.png\" class=\"attachment-large size-large wp-image-1193\" alt=\"\" srcset=\"https:\/\/casamontes.com.ar\/bodega\/wp-content\/uploads\/2022\/08\/BALTAZAR-2-1024x312.png 1024w, https:\/\/casamontes.com.ar\/bodega\/wp-content\/uploads\/2022\/08\/BALTAZAR-2-300x91.png 300w, https:\/\/casamontes.com.ar\/bodega\/wp-content\/uploads\/2022\/08\/BALTAZAR-2-768x234.png 768w, https:\/\/casamontes.com.ar\/bodega\/wp-content\/uploads\/2022\/08\/BALTAZAR-2-1536x468.png 1536w, https:\/\/casamontes.com.ar\/bodega\/wp-content\/uploads\/2022\/08\/BALTAZAR-2.png 1838w\" sizes=\"(max-width: 1024px) 100vw, 1024px\" \/>\t\t\t\t\t\t\t\t<\/a>\n\t\t\t\t\t\t\t\t\t\t\t\t\t\t\t<\/div>\n\t\t\t\t<\/div>\n\t\t\t\t\t<\/div>\n\t\t<\/div>\n\t\t\t\t<div class=\"elementor-column elementor-col-50 elementor-inner-column elementor-element elementor-element-d5ab6e3\" data-id=\"d5ab6e3\" data-element_type=\"column\" data-e-type=\"column\">\n\t\t\t<div class=\"elementor-widget-wrap elementor-element-populated\">\n\t\t\t\t\t\t<div class=\"elementor-element elementor-element-7692de3f elementor-mobile-align-center elementor-icon-list--layout-traditional elementor-list-item-link-full_width elementor-invisible elementor-widget elementor-widget-icon-list\" data-id=\"7692de3f\" data-element_type=\"widget\" data-e-type=\"widget\" data-settings=\"{&quot;_animation&quot;:&quot;fadeInRight&quot;}\" data-widget_type=\"icon-list.default\">\n\t\t\t\t<div class=\"elementor-widget-container\">\n\t\t\t\t\t\t\t<ul class=\"elementor-icon-list-items\">\n\t\t\t\t\t\t\t<li class=\"elementor-icon-list-item\">\n\t\t\t\t\t\t\t\t\t\t\t<a href=\"https:\/\/casamontes.com.ar\/bodega\/wp-content\/uploads\/2024\/06\/BALTAZAR.pdf\" target=\"_blank\">\n\n\t\t\t\t\t\t\t\t\t\t\t<span class=\"elementor-icon-list-text\">- Malbec Reserva<\/span>\n\t\t\t\t\t\t\t\t\t\t\t<\/a>\n\t\t\t\t\t\t\t\t\t<\/li>\n\t\t\t\t\t\t<\/ul>\n\t\t\t\t\t\t<\/div>\n\t\t\t\t<\/div>\n\t\t\t\t\t<\/div>\n\t\t<\/div>\n\t\t\t\t\t<\/div>\n\t\t<\/section>\n\t\t\t\t<div class=\"elementor-element elementor-element-57f1495a elementor-widget elementor-widget-image\" data-id=\"57f1495a\" data-element_type=\"widget\" data-e-type=\"widget\" data-widget_type=\"image.default\">\n\t\t\t\t<div class=\"elementor-widget-container\">\n\t\t\t\t\t\t\t\t\t\t\t\t\t\t\t<img decoding=\"async\" width=\"300\" height=\"22\" src=\"https:\/\/casamontes.com.ar\/bodega\/wp-content\/uploads\/2022\/08\/vinos-cm-2-e1661368505322-300x22.png\" class=\"attachment-medium size-medium wp-image-1118\" alt=\"\" srcset=\"https:\/\/casamontes.com.ar\/bodega\/wp-content\/uploads\/2022\/08\/vinos-cm-2-e1661368505322-300x22.png 300w, https:\/\/casamontes.com.ar\/bodega\/wp-content\/uploads\/2022\/08\/vinos-cm-2-e1661368505322-768x55.png 768w, https:\/\/casamontes.com.ar\/bodega\/wp-content\/uploads\/2022\/08\/vinos-cm-2-e1661368505322.png 1000w\" sizes=\"(max-width: 300px) 100vw, 300px\" \/>\t\t\t\t\t\t\t\t\t\t\t\t\t\t\t<\/div>\n\t\t\t\t<\/div>\n\t\t\t\t<div class=\"elementor-element elementor-element-dac60ee elementor-widget elementor-widget-image\" data-id=\"dac60ee\" data-element_type=\"widget\" data-e-type=\"widget\" data-widget_type=\"image.default\">\n\t\t\t\t<div class=\"elementor-widget-container\">\n\t\t\t\t\t\t\t\t\t\t\t\t\t\t\t<img loading=\"lazy\" decoding=\"async\" width=\"300\" height=\"94\" src=\"https:\/\/casamontes.com.ar\/bodega\/wp-content\/uploads\/2022\/08\/casa_montes_marca_chico.png\" class=\"attachment-medium size-medium wp-image-554\" alt=\"\" \/>\t\t\t\t\t\t\t\t\t\t\t\t\t\t\t<\/div>\n\t\t\t\t<\/div>\n\t\t\t\t<div class=\"elementor-element elementor-element-5be4174 elementor-widget elementor-widget-heading\" data-id=\"5be4174\" data-element_type=\"widget\" data-e-type=\"widget\" data-widget_type=\"heading.default\">\n\t\t\t\t<div class=\"elementor-widget-container\">\n\t\t\t\t\t<h6 class=\"elementor-heading-title elementor-size-default\">Criado en barricas de roble durante 12 meses<\/h6>\t\t\t\t<\/div>\n\t\t\t\t<\/div>\n\t\t\t\t<section class=\"elementor-section elementor-inner-section elementor-element elementor-element-69e52c2 elementor-section-boxed elementor-section-height-default elementor-section-height-default\" data-id=\"69e52c2\" data-element_type=\"section\" data-e-type=\"section\">\n\t\t\t\t\t\t<div class=\"elementor-container elementor-column-gap-default\">\n\t\t\t\t\t<div class=\"elementor-column elementor-col-50 elementor-inner-column elementor-element elementor-element-af2d2e7\" data-id=\"af2d2e7\" data-element_type=\"column\" data-e-type=\"column\">\n\t\t\t<div class=\"elementor-widget-wrap elementor-element-populated\">\n\t\t\t\t\t\t<div class=\"elementor-element elementor-element-a6e8b2c elementor-invisible elementor-widget elementor-widget-image\" data-id=\"a6e8b2c\" data-element_type=\"widget\" data-e-type=\"widget\" data-settings=\"{&quot;_animation&quot;:&quot;fadeInLeft&quot;}\" data-widget_type=\"image.default\">\n\t\t\t\t<div class=\"elementor-widget-container\">\n\t\t\t\t\t\t\t\t\t\t\t\t\t\t\t\t<a href=\"https:\/\/casamontes.com.ar\/bodega\/wp-content\/uploads\/2024\/07\/casa-montes-blend-1.pdf\" target=\"_blank\">\n\t\t\t\t\t\t\t<img loading=\"lazy\" decoding=\"async\" width=\"1024\" height=\"402\" src=\"https:\/\/casamontes.com.ar\/bodega\/wp-content\/uploads\/2022\/08\/CASA-MONTES-BLEND-1024x402.png\" class=\"attachment-large size-large wp-image-1194\" alt=\"\" srcset=\"https:\/\/casamontes.com.ar\/bodega\/wp-content\/uploads\/2022\/08\/CASA-MONTES-BLEND-1024x402.png 1024w, https:\/\/casamontes.com.ar\/bodega\/wp-content\/uploads\/2022\/08\/CASA-MONTES-BLEND-300x118.png 300w, https:\/\/casamontes.com.ar\/bodega\/wp-content\/uploads\/2022\/08\/CASA-MONTES-BLEND-768x302.png 768w, https:\/\/casamontes.com.ar\/bodega\/wp-content\/uploads\/2022\/08\/CASA-MONTES-BLEND-1536x603.png 1536w, https:\/\/casamontes.com.ar\/bodega\/wp-content\/uploads\/2022\/08\/CASA-MONTES-BLEND.png 1843w\" sizes=\"(max-width: 1024px) 100vw, 1024px\" \/>\t\t\t\t\t\t\t\t<\/a>\n\t\t\t\t\t\t\t\t\t\t\t\t\t\t\t<\/div>\n\t\t\t\t<\/div>\n\t\t\t\t\t<\/div>\n\t\t<\/div>\n\t\t\t\t<div class=\"elementor-column elementor-col-50 elementor-inner-column elementor-element elementor-element-5ef3eea\" data-id=\"5ef3eea\" data-element_type=\"column\" data-e-type=\"column\">\n\t\t\t<div class=\"elementor-widget-wrap elementor-element-populated\">\n\t\t\t\t\t\t<div class=\"elementor-element elementor-element-2c96a5a elementor-mobile-align-center elementor-icon-list--layout-traditional elementor-list-item-link-full_width elementor-invisible elementor-widget elementor-widget-icon-list\" data-id=\"2c96a5a\" data-element_type=\"widget\" data-e-type=\"widget\" data-settings=\"{&quot;_animation&quot;:&quot;fadeInRight&quot;}\" data-widget_type=\"icon-list.default\">\n\t\t\t\t<div class=\"elementor-widget-container\">\n\t\t\t\t\t\t\t<ul class=\"elementor-icon-list-items\">\n\t\t\t\t\t\t\t<li class=\"elementor-icon-list-item\">\n\t\t\t\t\t\t\t\t\t\t\t<a href=\"https:\/\/casamontes.com.ar\/bodega\/wp-content\/uploads\/2024\/07\/casa-montes-blend-1.pdf\" target=\"_blank\">\n\n\t\t\t\t\t\t\t\t\t\t\t<span class=\"elementor-icon-list-text\">- Blend de Malbec<\/span>\n\t\t\t\t\t\t\t\t\t\t\t<\/a>\n\t\t\t\t\t\t\t\t\t<\/li>\n\t\t\t\t\t\t<\/ul>\n\t\t\t\t\t\t<\/div>\n\t\t\t\t<\/div>\n\t\t\t\t\t<\/div>\n\t\t<\/div>\n\t\t\t\t\t<\/div>\n\t\t<\/section>\n\t\t\t\t\t<\/div>\n\t\t<\/div>\n\t\t\t\t\t<\/div>\n\t\t<\/section>\n\t\t\t\t<\/div>\n\t\t","protected":false},"excerpt":{"rendered":"<p>Vinos de familia Vinos de guarda \u00fanicos, resultado de la combinaci\u00f3n de uvas de los distintos valles m\u00e1s importantes de la regi\u00f3n. A\u00f1ejados en roble franc\u00e9s y americano, logrando la m\u00e1xima expresi\u00f3n del terroir sanjuanino. Criado en barricas de roble durante 6 meses &#8211; Malbec &#8211; Cabernet Sauvignon Criado en barricas de roble durante 12 [&hellip;]<\/p>\n","protected":false},"author":2,"featured_media":0,"parent":0,"menu_order":0,"comment_status":"closed","ping_status":"closed","template":"","meta":{"site-sidebar-layout":"no-sidebar","site-content-layout":"page-builder","ast-site-content-layout":"default","site-content-style":"default","site-sidebar-style":"default","ast-global-header-display":"","ast-banner-title-visibility":"","ast-main-header-display":"","ast-hfb-above-header-display":"","ast-hfb-below-header-display":"","ast-hfb-mobile-header-display":"","site-post-title":"disabled","ast-breadcrumbs-content":"","ast-featured-img":"disabled","footer-sml-layout":"","ast-disable-related-posts":"","theme-transparent-header-meta":"","adv-header-id-meta":"","stick-header-meta":"","header-above-stick-meta":"","header-main-stick-meta":"","header-below-stick-meta":"","astra-migrate-meta-layouts":"default","ast-page-background-enabled":"default","ast-page-background-meta":{"desktop":{"background-color":"","background-image":"","background-repeat":"repeat","background-position":"center center","background-size":"auto","background-attachment":"scroll","background-type":"","background-media":"","overlay-type":"","overlay-color":"","overlay-opacity":"","overlay-gradient":""},"tablet":{"background-color":"","background-image":"","background-repeat":"repeat","background-position":"center center","background-size":"auto","background-attachment":"scroll","background-type":"","background-media":"","overlay-type":"","overlay-color":"","overlay-opacity":"","overlay-gradient":""},"mobile":{"background-color":"","background-image":"","background-repeat":"repeat","background-position":"center center","background-size":"auto","background-attachment":"scroll","background-type":"","background-media":"","overlay-type":"","overlay-color":"","overlay-opacity":"","overlay-gradient":""}},"ast-content-background-meta":{"desktop":{"background-color":"var(--ast-global-color-5)","background-image":"","background-repeat":"repeat","background-position":"center center","background-size":"auto","background-attachment":"scroll","background-type":"","background-media":"","overlay-type":"","overlay-color":"","overlay-opacity":"","overlay-gradient":""},"tablet":{"background-color":"var(--ast-global-color-5)","background-image":"","background-repeat":"repeat","background-position":"center center","background-size":"auto","background-attachment":"scroll","background-type":"","background-media":"","overlay-type":"","overlay-color":"","overlay-opacity":"","overlay-gradient":""},"mobile":{"background-color":"var(--ast-global-color-5)","background-image":"","background-repeat":"repeat","background-position":"center center","background-size":"auto","background-attachment":"scroll","background-type":"","background-media":"","overlay-type":"","overlay-color":"","overlay-opacity":"","overlay-gradient":""}},"footnotes":""},"class_list":["post-1186","page","type-page","status-publish","hentry"],"_links":{"self":[{"href":"https:\/\/casamontes.com.ar\/bodega\/wp-json\/wp\/v2\/pages\/1186","targetHints":{"allow":["GET"]}}],"collection":[{"href":"https:\/\/casamontes.com.ar\/bodega\/wp-json\/wp\/v2\/pages"}],"about":[{"href":"https:\/\/casamontes.com.ar\/bodega\/wp-json\/wp\/v2\/types\/page"}],"author":[{"embeddable":true,"href":"https:\/\/casamontes.com.ar\/bodega\/wp-json\/wp\/v2\/users\/2"}],"replies":[{"embeddable":true,"href":"https:\/\/casamontes.com.ar\/bodega\/wp-json\/wp\/v2\/comments?post=1186"}],"version-history":[{"count":55,"href":"https:\/\/casamontes.com.ar\/bodega\/wp-json\/wp\/v2\/pages\/1186\/revisions"}],"predecessor-version":[{"id":1549,"href":"https:\/\/casamontes.com.ar\/bodega\/wp-json\/wp\/v2\/pages\/1186\/revisions\/1549"}],"wp:attachment":[{"href":"https:\/\/casamontes.com.ar\/bodega\/wp-json\/wp\/v2\/media?parent=1186"}],"curies":[{"name":"wp","href":"https:\/\/api.w.org\/{rel}","templated":true}]}}